{"id":2,"date":"2011-05-30T07:14:10","date_gmt":"2011-05-30T07:14:10","guid":{"rendered":"http:\/\/radioalma.eu\/bruxellesmabelle\/?page_id=2"},"modified":"2021-06-03T10:55:47","modified_gmt":"2021-06-03T10:55:47","slug":"aproposbmb","status":"publish","type":"page","link":"https:\/\/radioalma.eu\/bruxellesmabelle\/aproposbmb\/","title":{"rendered":"Bruxelles Ma Belle"},"content":{"rendered":"<p>Depuis sa cr\u00e9ation Radio Alma, \u0153uvre pour la d\u00e9mocratisation de la culture par le biais de ses diff\u00e9rentes \u00e9missions. C\u2019est avec ce m\u00eame esprit , en collaboration avec les op\u00e9rateurs culturels bruxellois et nos auditeurs, que nous produisons notre \u00e9mission <strong>\u201cBruxelles Ma Belle\u201d<\/strong>. Les auditeurs sont toujours mobilis\u00e9s dans les activit\u00e9s de la radio comme notre premier vivier d\u2019animateurs. Cette d\u00e9marche de d\u00e9velopper avec nos auditeurs un outil d\u2019expression, leurs permettent <strong>d\u2019\u00eatre acteurs de leur espace public<\/strong>.<\/p>\n<p>La prise de conscience de notre place comme m\u00e9dia de proximit\u00e9, nous am\u00e8ne \u00e0 comprendre et t\u00e9moigner des besoins et r\u00e9alisations de la soci\u00e9t\u00e9 bruxelloise. En confrontant le point de vue des acteurs institutionnels et sociaux avec ceux des bruxellois, cet outils devient un moyen d\u2019expression privil\u00e9gi\u00e9s. Et par ce biais, contribue \u00e0 favoriser la participation citoyenne dans les projets socioculturels de notre Capitale.<\/p>\n<p>&nbsp;<\/p>\n<p>&nbsp;<\/p>\n","protected":false},"excerpt":{"rendered":"<p>Depuis sa cr\u00e9ation Radio Alma, \u0153uvre pour la d\u00e9mocratisation de la culture par le biais de ses diff\u00e9rentes \u00e9missions. C\u2019est avec ce m\u00eame esprit , en collaboration avec les op\u00e9rateurs culturels bruxellois et nos auditeurs, que nous produisons notre \u00e9mission \u201cBruxelles Ma Belle\u201d. Les auditeurs sont toujours mobilis\u00e9s dans les<span class=\"more-link\"><a href=\"https:\/\/radioalma.eu\/bruxellesmabelle\/aproposbmb\/\">Lire plus&#8230;<\/a><\/span><\/p>\n","protected":false},"author":21,"featured_media":0,"parent":0,"menu_order":0,"comment_status":"closed","ping_status":"open","template":"","meta":{"footnotes":""},"class_list":["entry","author-bruxellesmabelle","post-2","page","type-page","status-publish"],"_links":{"self":[{"href":"https:\/\/radioalma.eu\/bruxellesmabelle\/wp-json\/wp\/v2\/pages\/2","targetHints":{"allow":["GET"]}}],"collection":[{"href":"https:\/\/radioalma.eu\/bruxellesmabelle\/wp-json\/wp\/v2\/pages"}],"about":[{"href":"https:\/\/radioalma.eu\/bruxellesmabelle\/wp-json\/wp\/v2\/types\/page"}],"author":[{"embeddable":true,"href":"https:\/\/radioalma.eu\/bruxellesmabelle\/wp-json\/wp\/v2\/users\/21"}],"replies":[{"embeddable":true,"href":"https:\/\/radioalma.eu\/bruxellesmabelle\/wp-json\/wp\/v2\/comments?post=2"}],"version-history":[{"count":0,"href":"https:\/\/radioalma.eu\/bruxellesmabelle\/wp-json\/wp\/v2\/pages\/2\/revisions"}],"wp:attachment":[{"href":"https:\/\/radioalma.eu\/bruxellesmabelle\/wp-json\/wp\/v2\/media?parent=2"}],"curies":[{"name":"wp","href":"https:\/\/api.w.org\/{rel}","templated":true}]}}