{"id":15,"date":"2011-07-24T12:05:25","date_gmt":"2011-07-24T12:05:25","guid":{"rendered":"http:\/\/radioalma.eu\/correntealternata\/?page_id=15"},"modified":"2011-07-24T12:05:25","modified_gmt":"2011-07-24T12:05:25","slug":"charte","status":"publish","type":"page","link":"https:\/\/radioalma.eu\/correntealternata\/?page_id=15","title":{"rendered":"Charte"},"content":{"rendered":"<p>CHARTE D\u2019UTILISATION DU SITE<\/p>\n<p>Il vous est demand\u00e9 de prendre connaissance de la <strong>charte<\/strong> suivante avant de participer.<\/p>\n<p>&nbsp;<\/p>\n<p>ACCEPTATION DES CONDITIONS GENERALES D\u2019 UTILISATION<\/p>\n<p>Ce site est un site d\u2019informations et de services en langue fran\u00e7aise.<br \/>\nL\u2019acc\u00e8s au site pour la simple consultation est libre et anonyme.<br \/>\nLes visiteurs anonymes peuvent acc\u00e9der \u00e0 tous les blogs \u00ab\u00a0publics\u00a0\u00bb.<br \/>\nL\u2019inscription se fait par la simple cr\u00e9ation gratuite d\u2019un compte de membre, vous acceptez alors les conditions d\u2019utilisation r\u00e9gies par le pr\u00e9sent document.<\/p>\n<p>Ce site est soumis \u00e0 la loi belge.<\/p>\n<p>&nbsp;<\/p>\n<p>PUBLICATION DE MESSAGES<\/p>\n<p>Nous vous demandons de bien vouloir :<br \/>\n&#8211; Respecter le sujet trait\u00e9 dans chaque blogs.<br \/>\n&#8211; Choisir un titre r\u00e9sumant pr\u00e9cis\u00e9ment le th\u00e8me abord\u00e9 dans le corps de votre message.<br \/>\n&#8211; Respecter les r\u00e8gles de la courtoisie et de la bonne conduite.<br \/>\n&#8211; Ne pas vous livrer \u00e0 tout fait qui peut \u00eatre puni p\u00e9nalement\u00a0:<\/p>\n<p>. rev\u00eatant un caract\u00e8re pornographique, p\u00e9dophile ou zoophile\u00a0;<br \/>\n. mena\u00e7ant une ou plusieurs personnes\u00a0;<br \/>\n. proposant ou insitant au piratage informatique\u00a0;<br \/>\n. s\u2019av\u00e9rant calomnieux, diffamatoire, injurieux, raciste\u00a0ou insitant \u00e0 l\u2019\u00eatre;<br \/>\n. comportant de la propagande anticonstitutionnelle.<br \/>\n&#8211; Respecter les lois en vigueur, notamment en mati\u00e8re de contrefa\u00e7on.<br \/>\n&#8211; Vous exprimer en langue : espagnole, fran\u00e7aise, grecque, italienne, portugaise.<br \/>\n&#8211; Faire un effort certain sur l\u2019orthographe de fa\u00e7on \u00e0 faciliter la lecture aux autres membres.<\/p>\n<p>&nbsp;<\/p>\n<p>MODERATION<\/p>\n<p>Les administrateurs du site ayant choisi de faire confiance aux membres, la mod\u00e9ration se fait \u00e0 posteriori. Les articles sont donc post\u00e9s directement, sans intervention pr\u00e9alable des administrateurs. Ceci permet de raccourcir les d\u00e9lais de publication et de fluidifier l\u2019activit\u00e9.<\/p>\n<p>Les mod\u00e9rateurs et administrateurs des blogs sont des membres assidus et consciencieux, choisis pour leur s\u00e9rieux par les administrateurs du site.<\/p>\n<p>Est susceptible d\u2019\u00eatre d\u00e9plac\u00e9 :<br \/>\n&#8211; Tout message n\u2019\u00e9tant pas en ad\u00e9quation avec le sujet du site.<\/p>\n<p>Est susceptible d\u2019\u00eatre effac\u00e9 sans pr\u00e9avis :<br \/>\n&#8211; Tout message n\u2019\u00e9tant pas en ad\u00e9quation avec le sujet du site.<br \/>\n&#8211; Tout message ne respectant pas les clauses pr\u00e9c\u00e9demment \u00e9nonc\u00e9es.<\/p>\n<p>Il est possible, pour les utilisateurs de demander la mod\u00e9ration d\u2019un sujet ou d\u2019un message en envoyant un message priv\u00e9 contenant l\u2019adresse URL du message en question aux mod\u00e9rateurs ou administrateurs.<br \/>\nApr\u00e8s la notification d\u2019un abus, les mod\u00e9rateurs et administrateurs essayeront, tant que faire se peut, de r\u00e9agir dans le d\u00e9lai le plus court possible afin d\u2019y mettre un terme.<br \/>\nEn cas d\u2019abus manifeste et grave portant atteinte au site (publication intensive, spam, faits \u00e0 l\u2019encontre de la loi), l\u2019auteur pourra \u00eatre, sans pr\u00e9avis, banni du site tant qu\u2019il n\u2019aura pas donn\u00e9 une explication cr\u00e9dible \u00e0 son geste.<\/p>\n<p>&nbsp;<\/p>\n<p>MODIFICATION ET SUPPRESSION D\u2019UN MESSAGE<\/p>\n<p>Un message post\u00e9 dans les forums peut \u00eatre supprim\u00e9 \u00e0 tout moment par son auteur.<br \/>\nEn bas de chaque message se trouve une ic\u00f4ne \u00e0 cet effet (Editer\/Supprimer les messages post\u00e9s)<br \/>\nLes mod\u00e9rateurs ont \u00e9galement la possibilit\u00e9 de le faire s\u2019ils jugent le message non conforme aux r\u00e8gles \u00e9nonc\u00e9es ci-dessus.<\/p>\n<p>&nbsp;<\/p>\n<p>RESPONSABILITE DES AUTEURS DE MESSAGES<\/p>\n<p>Les messages post\u00e9s le sont sous la responsabilit\u00e9 de leurs auteurs qui restent propri\u00e9taires de leurs publications et les repr\u00e9sentants du site d\u00e9clinent toute responsabilit\u00e9 dans le contenu de ces messages.<\/p>\n<p>Les auteurs s\u2019engagent \u00e0 assumer toutes leurs responsabilit\u00e9 et les cons\u00e9quences s\u2019y aff\u00e9rent.<\/p>\n<p>&nbsp;<\/p>\n<p>IDENTIFICATION DES AUTEURS DE MESSAGES<\/p>\n<p>Les gestionnaires de sites \u00e9tant tenus par la loi de conserver les donn\u00e9es permettant l\u2019identification de l\u2019auteur d\u2019un message, ces informations seront donc conserv\u00e9es par le serveur. Les donn\u00e9es comprennent la date et l\u2019heure de la publication du message ainsi que l\u2019adresse IP et le nom de l\u2019auteur (si membre)du message.<br \/>\nEn cas d\u2019infraction manifeste commise par l\u2019interm\u00e9diaire d\u2019un message non censur\u00e9 par les mod\u00e9rateurs, les webmasters du site seront tenus de d\u00e9livrer ces informations aux autorit\u00e9s judiciaires ou administratives qui en feraient la demande.<\/p>\n<p>&nbsp;<\/p>\n<p>REFERENCEMENT<\/p>\n<p>Les messages post\u00e9s dans le site sont susceptibles d\u2019\u00eatre r\u00e9f\u00e9renc\u00e9s et index\u00e9s par certains moteurs de recherche.<br \/>\nIl donc possible que les moteurs proc\u00e8dent \u00e0 un archivage de ceux-ci en vue de faciliter les recherches dans leurs bases de donn\u00e9es respectives.<br \/>\nLorsqu\u2019un message mod\u00e9r\u00e9 est effac\u00e9 du site, il peut rester encore quelques temps dans le cache d\u2019un moteur de recherche sans que les administrateurs ou mod\u00e9rateurs du site ne puissent le purger.<br \/>\nLes responsables du site d\u00e9clinent l\u00e0 aussi toute responsabilit\u00e9 puisqu\u2019ils ont fait le n\u00e9cessaire, \u00e0 leur niveau, pour \u00e9radiquer ce message du r\u00e9seau Internet.<\/p>\n<p>&nbsp;<\/p>\n<p>DROIT D\u2019ACCES<\/p>\n<p>Conform\u00e9ment \u00e0 la loi de protection de la vie priv\u00e9e du 8\/12\/1992, vous disposez d\u2019un droit d\u2019acc\u00e8s \u00e0 vos informations personnelles, que vous pouvez modifier par l\u2019interm\u00e9diaire de la page \u00ab\u00a0Profil\u00a0\u00bb accessible en cliquant sur votre pseudo en haut de chaque page.<br \/>\nSi vous souhaitez vous d\u00e9sinscrire, vous pouvez contacter les webmasters par E-mail qui le feront dans les plus brefs d\u00e9lais.<br \/>\nLe site fait l\u2019objet d\u2019une d\u00e9claration \u00e0 la Commission de la protection de la vie priv\u00e9e.<\/p>\n","protected":false},"excerpt":{"rendered":"<p>CHARTE D\u2019UTILISATION DU SITE Il vous est demand\u00e9 de prendre connaissance de la charte suivante avant de participer. &nbsp; ACCEPTATION DES CONDITIONS GENERALES D\u2019 UTILISATION Ce site est un site d\u2019informations et de services en langue fran\u00e7aise. L\u2019acc\u00e8s au site pour la simple consultation est libre et anonyme. Les visiteurs anonymes peuvent acc\u00e9der \u00e0 tous [&hellip;]<\/p>\n","protected":false},"author":30,"featured_media":0,"parent":0,"menu_order":0,"comment_status":"open","ping_status":"open","template":"","meta":{"footnotes":""},"class_list":["post-15","page","type-page","status-publish","hentry"],"_links":{"self":[{"href":"https:\/\/radioalma.eu\/correntealternata\/index.php?rest_route=\/wp\/v2\/pages\/15","targetHints":{"allow":["GET"]}}],"collection":[{"href":"https:\/\/radioalma.eu\/correntealternata\/index.php?rest_route=\/wp\/v2\/pages"}],"about":[{"href":"https:\/\/radioalma.eu\/correntealternata\/index.php?rest_route=\/wp\/v2\/types\/page"}],"author":[{"embeddable":true,"href":"https:\/\/radioalma.eu\/correntealternata\/index.php?rest_route=\/wp\/v2\/users\/30"}],"replies":[{"embeddable":true,"href":"https:\/\/radioalma.eu\/correntealternata\/index.php?rest_route=%2Fwp%2Fv2%2Fcomments&post=15"}],"version-history":[{"count":0,"href":"https:\/\/radioalma.eu\/correntealternata\/index.php?rest_route=\/wp\/v2\/pages\/15\/revisions"}],"wp:attachment":[{"href":"https:\/\/radioalma.eu\/correntealternata\/index.php?rest_route=%2Fwp%2Fv2%2Fmedia&parent=15"}],"curies":[{"name":"wp","href":"https:\/\/api.w.org\/{rel}","templated":true}]}}