{"id":2,"date":"2011-05-05T19:03:08","date_gmt":"2011-05-05T19:03:08","guid":{"rendered":"http:\/\/radioalma.eu\/?page_id=2"},"modified":"2021-10-30T19:40:12","modified_gmt":"2021-10-30T17:40:12","slug":"page-d-exemple","status":"publish","type":"page","link":"https:\/\/radioalma.eu\/?page_id=2","title":{"rendered":"Edito"},"content":{"rendered":"<p>Bienvenue dans l&rsquo;espace Blog de Radio Alma.<\/p>\n<div>Vous trouverez dans cet espace les blogs de vos \u00e9missions pr\u00e9f\u00e9r\u00e9es.<\/div>\n<p>Cet espace \u00e9volue fr\u00e9quemment au rythme des publications que vos animateurs ont le plaisir de partager.&nbsp; Tout ce que vous voulez savoir sur vos \u00e9missions se trouve&nbsp;ici. Ces blogs sont le compl\u00e9ment et relais privil\u00e9gi\u00e9s des \u00e9missions de la&nbsp;station&nbsp;pour vous auditeurs et amis de <a title=\"Site de Radio Alma asbl\" href=\"http:\/\/radioalma.be\" target=\"_blank\" rel=\"noopener\">Radio Alma<\/a>.<\/p>\n\n\n\n\n<hr class=\"wp-block-separator\"\/>\n\n\n","protected":false},"excerpt":{"rendered":"<p>Bienvenue dans l&rsquo;espace Blog de Radio Alma. Vous trouverez dans cet espace les blogs de vos \u00e9missions pr\u00e9f\u00e9r\u00e9es. Cet espace \u00e9volue fr\u00e9quemment au rythme des publications que vos animateurs ont le plaisir de partager.&nbsp; Tout ce que vous voulez savoir sur vos \u00e9missions se trouve&nbsp;ici. Ces blogs sont le compl\u00e9ment et relais privil\u00e9gi\u00e9s des \u00e9missions &hellip; <a href=\"https:\/\/radioalma.eu\/?page_id=2\" class=\"more-link\">Continuer la lecture de <span class=\"screen-reader-text\">Edito<\/span> <span class=\"meta-nav\">&rarr;<\/span><\/a><\/p>\n","protected":false},"author":1,"featured_media":0,"parent":0,"menu_order":0,"comment_status":"closed","ping_status":"open","template":"","meta":{"footnotes":""},"class_list":["post-2","page","type-page","status-publish","hentry"],"_links":{"self":[{"href":"https:\/\/radioalma.eu\/index.php?rest_route=\/wp\/v2\/pages\/2","targetHints":{"allow":["GET"]}}],"collection":[{"href":"https:\/\/radioalma.eu\/index.php?rest_route=\/wp\/v2\/pages"}],"about":[{"href":"https:\/\/radioalma.eu\/index.php?rest_route=\/wp\/v2\/types\/page"}],"author":[{"embeddable":true,"href":"https:\/\/radioalma.eu\/index.php?rest_route=\/wp\/v2\/users\/1"}],"replies":[{"embeddable":true,"href":"https:\/\/radioalma.eu\/index.php?rest_route=%2Fwp%2Fv2%2Fcomments&post=2"}],"version-history":[{"count":0,"href":"https:\/\/radioalma.eu\/index.php?rest_route=\/wp\/v2\/pages\/2\/revisions"}],"wp:attachment":[{"href":"https:\/\/radioalma.eu\/index.php?rest_route=%2Fwp%2Fv2%2Fmedia&parent=2"}],"curies":[{"name":"wp","href":"https:\/\/api.w.org\/{rel}","templated":true}]}}