{"id":154,"date":"2025-11-26T16:51:08","date_gmt":"2025-11-26T15:51:08","guid":{"rendered":"https:\/\/radioalma.eu\/porquenotecallas\/?page_id=154"},"modified":"2026-02-06T16:16:09","modified_gmt":"2026-02-06T15:16:09","slug":"bestofs","status":"publish","type":"page","link":"https:\/\/radioalma.eu\/porquenotecallas\/bestofs\/","title":{"rendered":"BESTOFS"},"content":{"rendered":"\t\t<div data-elementor-type=\"wp-page\" data-elementor-id=\"154\" class=\"elementor elementor-154\">\n\t\t\t\t<div class=\"elementor-element elementor-element-012d0a1 e-grid e-con-boxed e-con e-parent\" data-id=\"012d0a1\" data-element_type=\"container\" data-e-type=\"container\">\n\t\t\t\t\t<div class=\"e-con-inner\">\n\t\t\t\t<div class=\"elementor-element elementor-element-6ff4999 elementor-widget elementor-widget-image\" data-id=\"6ff4999\" data-element_type=\"widget\" data-e-type=\"widget\" data-widget_type=\"image.default\">\n\t\t\t\t<div class=\"elementor-widget-container\">\n\t\t\t\t\t\t\t\t\t\t\t\t<figure class=\"wp-caption\">\n\t\t\t\t\t\t\t\t\t\t\t<a href=\"https:\/\/www.ivoox.com\/pqntc-228-funcionarios-burrocracias-best-audios-mp3_rf_167940354_1.html\">\n\t\t\t\t\t\t\t<img decoding=\"async\" width=\"150\" height=\"150\" src=\"https:\/\/radioalma.eu\/porquenotecallas\/files\/2026\/02\/FuncionariosB-150x150.png\" class=\"attachment-thumbnail size-thumbnail wp-image-395\" alt=\"\" srcset=\"https:\/\/radioalma.eu\/porquenotecallas\/files\/2026\/02\/FuncionariosB-150x150.png 150w, https:\/\/radioalma.eu\/porquenotecallas\/files\/2026\/02\/FuncionariosB-120x120.png 120w\" sizes=\"(max-width: 150px) 100vw, 150px\" \/>\t\t\t\t\t\t\t\t<\/a>\n\t\t\t\t\t\t\t\t\t\t\t<figcaption class=\"widget-image-caption wp-caption-text\">Bestof prog. 228: Funcionarios y burrocracias<\/figcaption>\n\t\t\t\t\t\t\t\t\t\t<\/figure>\n\t\t\t\t\t\t\t\t\t<\/div>\n\t\t\t\t<\/div>\n\t\t\t\t<div class=\"elementor-element elementor-element-2570fa9 elementor-widget elementor-widget-image\" data-id=\"2570fa9\" data-element_type=\"widget\" data-e-type=\"widget\" data-widget_type=\"image.default\">\n\t\t\t\t<div class=\"elementor-widget-container\">\n\t\t\t\t\t\t\t\t\t\t\t\t<figure class=\"wp-caption\">\n\t\t\t\t\t\t\t\t\t\t\t<a href=\"https:\/\/www.ivoox.com\/en\/pqntc-227-influencers-best-of-audios-mp3_rf_167504908_1.html\">\n\t\t\t\t\t\t\t<img decoding=\"async\" width=\"150\" height=\"150\" src=\"https:\/\/radioalma.eu\/porquenotecallas\/files\/2026\/01\/Influencersbestof-150x150.jpg\" class=\"attachment-thumbnail size-thumbnail wp-image-373\" alt=\"\" srcset=\"https:\/\/radioalma.eu\/porquenotecallas\/files\/2026\/01\/Influencersbestof-150x150.jpg 150w, https:\/\/radioalma.eu\/porquenotecallas\/files\/2026\/01\/Influencersbestof-120x120.jpg 120w\" sizes=\"(max-width: 150px) 100vw, 150px\" \/>\t\t\t\t\t\t\t\t<\/a>\n\t\t\t\t\t\t\t\t\t\t\t<figcaption class=\"widget-image-caption wp-caption-text\">Bestof prog. 227: Influencers<\/figcaption>\n\t\t\t\t\t\t\t\t\t\t<\/figure>\n\t\t\t\t\t\t\t\t\t<\/div>\n\t\t\t\t<\/div>\n\t\t\t\t<div class=\"elementor-element elementor-element-66d2aed elementor-widget elementor-widget-image\" data-id=\"66d2aed\" data-element_type=\"widget\" data-e-type=\"widget\" data-widget_type=\"image.default\">\n\t\t\t\t<div class=\"elementor-widget-container\">\n\t\t\t\t\t\t\t\t\t\t\t\t<figure class=\"wp-caption\">\n\t\t\t\t\t\t\t\t\t\t\t<a href=\"https:\/\/www.ivoox.com\/en\/pqntc-217-el-mundo-segun-pqntc-hungria-audios-mp3_rf_145146241_1.html\">\n\t\t\t\t\t\t\t<img decoding=\"async\" width=\"150\" height=\"149\" src=\"https:\/\/radioalma.eu\/porquenotecallas\/files\/2025\/11\/hungriaB-150x149.png\" class=\"attachment-thumbnail size-thumbnail wp-image-205\" alt=\"\" srcset=\"https:\/\/radioalma.eu\/porquenotecallas\/files\/2025\/11\/hungriaB-150x149.png 150w, https:\/\/radioalma.eu\/porquenotecallas\/files\/2025\/11\/hungriaB-120x120.png 120w\" sizes=\"(max-width: 150px) 100vw, 150px\" \/>\t\t\t\t\t\t\t\t<\/a>\n\t\t\t\t\t\t\t\t\t\t\t<figcaption class=\"widget-image-caption wp-caption-text\">Bestof prog. 217: Hungr\u00eda<\/figcaption>\n\t\t\t\t\t\t\t\t\t\t<\/figure>\n\t\t\t\t\t\t\t\t\t<\/div>\n\t\t\t\t<\/div>\n\t\t\t\t<div class=\"elementor-element elementor-element-cabe796 elementor-widget elementor-widget-image\" data-id=\"cabe796\" data-element_type=\"widget\" data-e-type=\"widget\" data-widget_type=\"image.default\">\n\t\t\t\t<div class=\"elementor-widget-container\">\n\t\t\t\t\t\t\t\t\t\t\t\t<figure class=\"wp-caption\">\n\t\t\t\t\t\t\t\t\t\t\t<a href=\"https:\/\/www.ivoox.com\/en\/podcast-podcast-por-que-no-te-callas_sq_f186906_1.html\">\n\t\t\t\t\t\t\t<img loading=\"lazy\" decoding=\"async\" width=\"131\" height=\"136\" src=\"https:\/\/radioalma.eu\/porquenotecallas\/files\/2025\/11\/cruzB.png\" class=\"attachment-thumbnail size-thumbnail wp-image-209\" alt=\"\" \/>\t\t\t\t\t\t\t\t<\/a>\n\t\t\t\t\t\t\t\t\t\t\t<figcaption class=\"widget-image-caption wp-caption-text\">Bestof prog. 2016: Oh my God<\/figcaption>\n\t\t\t\t\t\t\t\t\t\t<\/figure>\n\t\t\t\t\t\t\t\t\t<\/div>\n\t\t\t\t<\/div>\n\t\t\t\t<div class=\"elementor-element elementor-element-77d3aaf elementor-widget elementor-widget-image\" data-id=\"77d3aaf\" data-element_type=\"widget\" data-e-type=\"widget\" data-widget_type=\"image.default\">\n\t\t\t\t<div class=\"elementor-widget-container\">\n\t\t\t\t\t\t\t\t\t\t\t\t<figure class=\"wp-caption\">\n\t\t\t\t\t\t\t\t\t\t\t<a href=\"https:\/\/www.ivoox.com\/en\/pqntc214-tenemos-hablar-best-of-audios-mp3_rf_140453500_1.html\">\n\t\t\t\t\t\t\t<img loading=\"lazy\" decoding=\"async\" width=\"113\" height=\"112\" src=\"https:\/\/radioalma.eu\/porquenotecallas\/files\/2025\/11\/desamorB.png\" class=\"attachment-thumbnail size-thumbnail wp-image-213\" alt=\"\" \/>\t\t\t\t\t\t\t\t<\/a>\n\t\t\t\t\t\t\t\t\t\t\t<figcaption class=\"widget-image-caption wp-caption-text\">Bestof prog. 214: Tenemos que hablar<\/figcaption>\n\t\t\t\t\t\t\t\t\t\t<\/figure>\n\t\t\t\t\t\t\t\t\t<\/div>\n\t\t\t\t<\/div>\n\t\t\t\t<div class=\"elementor-element elementor-element-d59325f elementor-widget elementor-widget-image\" data-id=\"d59325f\" data-element_type=\"widget\" data-e-type=\"widget\" data-widget_type=\"image.default\">\n\t\t\t\t<div class=\"elementor-widget-container\">\n\t\t\t\t\t\t\t\t\t\t\t\t<figure class=\"wp-caption\">\n\t\t\t\t\t\t\t\t\t\t\t<a href=\"https:\/\/www.ivoox.com\/en\/pqntc-213-lo-necesitas-es-amorrrl-audios-mp3_rf_140017264_1.html\">\n\t\t\t\t\t\t\t<img loading=\"lazy\" decoding=\"async\" width=\"150\" height=\"148\" src=\"https:\/\/radioalma.eu\/porquenotecallas\/files\/2025\/11\/amorB-150x148.png\" class=\"attachment-thumbnail size-thumbnail wp-image-217\" alt=\"\" \/>\t\t\t\t\t\t\t\t<\/a>\n\t\t\t\t\t\t\t\t\t\t\t<figcaption class=\"widget-image-caption wp-caption-text\">Bestof prog. 213: Lo que necesitas es amorrrl<\/figcaption>\n\t\t\t\t\t\t\t\t\t\t<\/figure>\n\t\t\t\t\t\t\t\t\t<\/div>\n\t\t\t\t<\/div>\n\t\t\t\t<div class=\"elementor-element elementor-element-45362e7 elementor-widget elementor-widget-image\" data-id=\"45362e7\" data-element_type=\"widget\" data-e-type=\"widget\" data-widget_type=\"image.default\">\n\t\t\t\t<div class=\"elementor-widget-container\">\n\t\t\t\t\t\t\t\t\t\t\t\t<figure class=\"wp-caption\">\n\t\t\t\t\t\t\t\t\t\t\t<a href=\"https:\/\/www.ivoox.com\/en\/pqntc-212-por-te-vas-audios-mp3_rf_139594121_1.html\">\n\t\t\t\t\t\t\t<img loading=\"lazy\" decoding=\"async\" width=\"150\" height=\"136\" src=\"https:\/\/radioalma.eu\/porquenotecallas\/files\/2025\/11\/tevasB-150x136.png\" class=\"attachment-thumbnail size-thumbnail wp-image-221\" alt=\"\" \/>\t\t\t\t\t\t\t\t<\/a>\n\t\t\t\t\t\t\t\t\t\t\t<figcaption class=\"widget-image-caption wp-caption-text\">Bestof prog. 212: Por qu\u00e9 te vas<\/figcaption>\n\t\t\t\t\t\t\t\t\t\t<\/figure>\n\t\t\t\t\t\t\t\t\t<\/div>\n\t\t\t\t<\/div>\n\t\t\t\t<div class=\"elementor-element elementor-element-7727b77 elementor-widget elementor-widget-image\" data-id=\"7727b77\" data-element_type=\"widget\" data-e-type=\"widget\" data-widget_type=\"image.default\">\n\t\t\t\t<div class=\"elementor-widget-container\">\n\t\t\t\t\t\t\t\t\t\t\t\t<figure class=\"wp-caption\">\n\t\t\t\t\t\t\t\t\t\t\t<a href=\"https:\/\/www.ivoox.com\/en\/pqntc-211-red-flags-contigo-no-bicho-audios-mp3_rf_138884934_1.html\">\n\t\t\t\t\t\t\t<img loading=\"lazy\" decoding=\"async\" width=\"140\" height=\"144\" src=\"https:\/\/radioalma.eu\/porquenotecallas\/files\/2025\/11\/red-flagsB.png\" class=\"attachment-thumbnail size-thumbnail wp-image-225\" alt=\"\" \/>\t\t\t\t\t\t\t\t<\/a>\n\t\t\t\t\t\t\t\t\t\t\t<figcaption class=\"widget-image-caption wp-caption-text\">Bestof prog. 211: Por qu\u00e9 te vas, contigo no bicho<\/figcaption>\n\t\t\t\t\t\t\t\t\t\t<\/figure>\n\t\t\t\t\t\t\t\t\t<\/div>\n\t\t\t\t<\/div>\n\t\t\t\t<div class=\"elementor-element elementor-element-b227ded elementor-widget elementor-widget-image\" data-id=\"b227ded\" data-element_type=\"widget\" data-e-type=\"widget\" data-widget_type=\"image.default\">\n\t\t\t\t<div class=\"elementor-widget-container\">\n\t\t\t\t\t\t\t\t\t\t\t\t<figure class=\"wp-caption\">\n\t\t\t\t\t\t\t\t\t\t\t<a href=\"https:\/\/www.ivoox.com\/en\/pqntc-210-feliz-2025-best-of-audios-mp3_rf_137768471_1.html\">\n\t\t\t\t\t\t\t<img loading=\"lazy\" decoding=\"async\" width=\"150\" height=\"150\" src=\"https:\/\/radioalma.eu\/porquenotecallas\/files\/2025\/11\/2025b-150x150.png\" class=\"attachment-thumbnail size-thumbnail wp-image-229\" alt=\"\" srcset=\"https:\/\/radioalma.eu\/porquenotecallas\/files\/2025\/11\/2025b-150x150.png 150w, https:\/\/radioalma.eu\/porquenotecallas\/files\/2025\/11\/2025b-300x298.png 300w, https:\/\/radioalma.eu\/porquenotecallas\/files\/2025\/11\/2025b-120x120.png 120w, https:\/\/radioalma.eu\/porquenotecallas\/files\/2025\/11\/2025b.png 360w\" sizes=\"(max-width: 150px) 100vw, 150px\" \/>\t\t\t\t\t\t\t\t<\/a>\n\t\t\t\t\t\t\t\t\t\t\t<figcaption class=\"widget-image-caption wp-caption-text\">Bestof prog. 210: Feliz 2025<\/figcaption>\n\t\t\t\t\t\t\t\t\t\t<\/figure>\n\t\t\t\t\t\t\t\t\t<\/div>\n\t\t\t\t<\/div>\n\t\t\t\t<div class=\"elementor-element elementor-element-cf0f5f5 elementor-widget elementor-widget-image\" data-id=\"cf0f5f5\" data-element_type=\"widget\" data-e-type=\"widget\" data-widget_type=\"image.default\">\n\t\t\t\t<div class=\"elementor-widget-container\">\n\t\t\t\t\t\t\t\t\t\t\t\t<figure class=\"wp-caption\">\n\t\t\t\t\t\t\t\t\t\t\t<a href=\"https:\/\/www.ivoox.com\/en\/pqntc-especial-bestof-despedida-palma-audios-mp3_rf_167510745_1.html\">\n\t\t\t\t\t\t\t<img loading=\"lazy\" decoding=\"async\" width=\"150\" height=\"150\" src=\"https:\/\/radioalma.eu\/porquenotecallas\/files\/2026\/01\/Palma-150x150.png\" class=\"attachment-thumbnail size-thumbnail wp-image-382\" alt=\"\" srcset=\"https:\/\/radioalma.eu\/porquenotecallas\/files\/2026\/01\/Palma-150x150.png 150w, https:\/\/radioalma.eu\/porquenotecallas\/files\/2026\/01\/Palma-120x120.png 120w\" sizes=\"(max-width: 150px) 100vw, 150px\" \/>\t\t\t\t\t\t\t\t<\/a>\n\t\t\t\t\t\t\t\t\t\t\t<figcaption class=\"widget-image-caption wp-caption-text\">Bestof Especial despedida Palma<\/figcaption>\n\t\t\t\t\t\t\t\t\t\t<\/figure>\n\t\t\t\t\t\t\t\t\t<\/div>\n\t\t\t\t<\/div>\n\t\t\t\t\t<\/div>\n\t\t\t\t<\/div>\n\t\t<div class=\"elementor-element elementor-element-c2f6e9c e-flex e-con-boxed e-con e-parent\" data-id=\"c2f6e9c\" data-element_type=\"container\" data-e-type=\"container\">\n\t\t\t\t\t<div class=\"e-con-inner\">\n\t\t\t\t<div class=\"elementor-element elementor-element-4575629 elementor-widget elementor-widget-heading\" data-id=\"4575629\" data-element_type=\"widget\" data-e-type=\"widget\" data-widget_type=\"heading.default\">\n\t\t\t\t<div class=\"elementor-widget-container\">\n\t\t\t\t\t<h3 class=\"elementor-heading-title elementor-size-default\"><a href=\"https:\/\/www.ivoox.com\/en\/podcast-podcast-por-que-no-te-callas_sq_f186906_1.html\">Encontrar\u00e1s muchos m\u00e1s en la p\u00e1gina del programa en Ivoox pinchando aqu\u00ed<\/a><\/h3>\t\t\t\t<\/div>\n\t\t\t\t<\/div>\n\t\t\t\t\t<\/div>\n\t\t\t\t<\/div>\n\t\t\t\t<\/div>\n\t\t","protected":false},"excerpt":{"rendered":"<p>Bestof prog. 228: Funcionarios y burrocracias Bestof prog. 227: Influencers Bestof prog. 217: Hungr\u00eda Bestof prog. 2016: Oh my God Bestof prog. 214: Tenemos que hablar Bestof prog. 213: Lo que necesitas es amorrrl Bestof prog. 212: Por qu\u00e9 te vas Bestof prog. 211: Por qu\u00e9 te vas, contigo no bicho Bestof prog. 210: Feliz 2025 Bestof Especial despedida Palma Encontrar\u00e1s muchos m\u00e1s en la p\u00e1gina del programa en Ivoox pinchando aqu\u00ed<\/p>\n","protected":false},"author":69,"featured_media":0,"parent":0,"menu_order":0,"comment_status":"closed","ping_status":"closed","template":"","meta":{"footnotes":""},"class_list":["post-154","page","type-page","status-publish","hentry"],"_links":{"self":[{"href":"https:\/\/radioalma.eu\/porquenotecallas\/wp-json\/wp\/v2\/pages\/154","targetHints":{"allow":["GET"]}}],"collection":[{"href":"https:\/\/radioalma.eu\/porquenotecallas\/wp-json\/wp\/v2\/pages"}],"about":[{"href":"https:\/\/radioalma.eu\/porquenotecallas\/wp-json\/wp\/v2\/types\/page"}],"author":[{"embeddable":true,"href":"https:\/\/radioalma.eu\/porquenotecallas\/wp-json\/wp\/v2\/users\/69"}],"replies":[{"embeddable":true,"href":"https:\/\/radioalma.eu\/porquenotecallas\/wp-json\/wp\/v2\/comments?post=154"}],"version-history":[{"count":47,"href":"https:\/\/radioalma.eu\/porquenotecallas\/wp-json\/wp\/v2\/pages\/154\/revisions"}],"predecessor-version":[{"id":398,"href":"https:\/\/radioalma.eu\/porquenotecallas\/wp-json\/wp\/v2\/pages\/154\/revisions\/398"}],"wp:attachment":[{"href":"https:\/\/radioalma.eu\/porquenotecallas\/wp-json\/wp\/v2\/media?parent=154"}],"curies":[{"name":"wp","href":"https:\/\/api.w.org\/{rel}","templated":true}]}}