{"id":236,"date":"2025-11-28T16:55:42","date_gmt":"2025-11-28T15:55:42","guid":{"rendered":"https:\/\/radioalma.eu\/porquenotecallas\/?page_id=236"},"modified":"2025-12-10T17:27:25","modified_gmt":"2025-12-10T16:27:25","slug":"de-que-va-esto","status":"publish","type":"page","link":"https:\/\/radioalma.eu\/porquenotecallas\/de-que-va-esto\/","title":{"rendered":"DE QU\u00c9 VA ESTO"},"content":{"rendered":"\t\t<div data-elementor-type=\"wp-page\" data-elementor-id=\"236\" class=\"elementor elementor-236\">\n\t\t\t\t<div class=\"elementor-element elementor-element-a948de0 e-flex e-con-boxed e-con e-parent\" data-id=\"a948de0\" data-element_type=\"container\" data-e-type=\"container\">\n\t\t\t\t\t<div class=\"e-con-inner\">\n\t\t\t\t<div class=\"elementor-element elementor-element-a79e4f9 elementor-widget elementor-widget-text-editor\" data-id=\"a79e4f9\" data-element_type=\"widget\" data-e-type=\"widget\" data-widget_type=\"text-editor.default\">\n\t\t\t\t<div class=\"elementor-widget-container\">\n\t\t\t\t\t\t\t\t\t<p>Bienvenidos a la p\u00e1gina web de <strong>Por Qu\u00e9 No Te Callas,<\/strong> el programa de radio m\u00e1s escuchado en casa de nuestras abuelas \ud83d\udc75 a la hora de la merienda \ud83e\udd50.<\/p><p>\u00bfQu\u00e9 es <strong>PQNTC<\/strong>? Pues imag\u00ednense una reuni\u00f3n de grandes conversadores, gente erudita, culta, instruida, educada y encima con sentido del humor&#8230; Vale, \u00bfya se lo han imaginado?, pues ahora olv\u00eddenlo y, si acaso, qu\u00e9dense con lo del sentido del humor, que algo esta gente tendr\u00e1 \ud83d\ude02.<\/p><p>El resultado de este desmadre es un programa de tertulia, de debate, en el que se habla de cualquier tema con la seriedad que merece, no exenta de un punto de cachondeo \ud83d\ude0e, que tampoco viene mal. Todo ello a cargo del equipo de colaboradores m\u00e1s impresentable de la radio mundial, minuciosamente seleccionados y sacados de los suburbios m\u00e1s cochambrosos de la ciudad, especialmente motivados y dedicados en cuerpo y \u00abalma\u00bb a la causa, a cambio de un vaso de agua \ud83e\udd5b (del grifo).<\/p><p>Juntos, hemos logrado alcanzar las m\u00e1s altas cotas de popularidad \ud83d\udcaa, al menos en casa del conserje de la emisora, que es hasta donde llega la cobertura \ud83e\udd37\u200d\u2640\ufe0f. \u00a1Es broma hombre! Gracias a las tecnolog\u00edas, que avanzan que es una barbaridad, PQNTC puede o\u00edrse en toda Bruselas, en Radio Alma, 101.9 FM&#8230; y en todo el mundo, a trav\u00e9s de Internet: www.radioalma.be.<\/p><p>Nos consta de hecho que los monjes tibetanos \ud83d\ude11 nos escuchan fielmente cada viernes, a la hora de su merienda de speculoos \ud83e\udd6f mojados en leche de yak \ud83d\udc2e. \u00bfPor qu\u00e9 se creen que el Dalai Lama est\u00e1 siempre sonriendo? \ud83d\ude03 \u00a1Pues porque se descojona escuchando PQNTC hombre! \ud83e\udd23 Adem\u00e1s, como somos muy abiertos, si quieren participar en el programa, llam\u00e1ndonos, escribiendo en nuestro chat de fans de Whatsapp o incluso asistiendo como invitados.<\/p><p>El Equipo de PQNTC<\/p>\t\t\t\t\t\t\t\t<\/div>\n\t\t\t\t<\/div>\n\t\t\t\t\t<\/div>\n\t\t\t\t<\/div>\n\t\t<div class=\"elementor-element elementor-element-0635e85 e-flex e-con-boxed e-con e-parent\" data-id=\"0635e85\" data-element_type=\"container\" data-e-type=\"container\">\n\t\t\t\t\t<div class=\"e-con-inner\">\n\t\t\t\t<div class=\"elementor-element elementor-element-64fa1fa elementor-widget elementor-widget-image\" data-id=\"64fa1fa\" data-element_type=\"widget\" data-e-type=\"widget\" data-widget_type=\"image.default\">\n\t\t\t\t<div class=\"elementor-widget-container\">\n\t\t\t\t\t\t\t\t\t\t\t\t\t\t\t<img fetchpriority=\"high\" decoding=\"async\" width=\"500\" height=\"486\" src=\"https:\/\/radioalma.eu\/porquenotecallas\/files\/2024\/12\/GrupoRedondo-scaled-e1735588505685.jpg\" class=\"attachment-large size-large wp-image-48\" alt=\"\" \/>\t\t\t\t\t\t\t\t\t\t\t\t\t\t\t<\/div>\n\t\t\t\t<\/div>\n\t\t\t\t\t<\/div>\n\t\t\t\t<\/div>\n\t\t\t\t<\/div>\n\t\t","protected":false},"excerpt":{"rendered":"<p>Bienvenidos a la p\u00e1gina web de Por Qu\u00e9 No Te Callas, el programa de radio m\u00e1s escuchado en casa de nuestras abuelas \ud83d\udc75 a la hora de la merienda \ud83e\udd50. \u00bfQu\u00e9 es PQNTC? Pues imag\u00ednense una reuni\u00f3n de grandes conversadores, gente erudita, culta, instruida, educada y encima con sentido del humor&#8230; Vale, \u00bfya se lo han imaginado?, pues ahora olv\u00eddenlo y, si acaso, qu\u00e9dense con lo del sentido del humor, que algo esta gente tendr\u00e1 \ud83d\ude02. El resultado de este desmadre es un programa de tertulia, de debate, en el que se habla de cualquier tema con la seriedad que merece, no exenta de un punto de cachondeo \ud83d\ude0e, que tampoco viene mal. Todo ello a cargo del equipo de colaboradores m\u00e1s impresentable de la radio mundial, minuciosamente seleccionados y sacados de los suburbios m\u00e1s cochambrosos de la ciudad, especialmente motivados y dedicados en cuerpo y \u00abalma\u00bb a la causa, a cambio de un vaso de agua \ud83e\udd5b (del grifo). Juntos, hemos logrado alcanzar las m\u00e1s altas cotas de popularidad \ud83d\udcaa, al menos en casa del conserje de la emisora, que es hasta donde llega la cobertura \ud83e\udd37\u200d\u2640\ufe0f. \u00a1Es broma hombre! Gracias a las tecnolog\u00edas, que avanzan que es una [&#8230;]<\/p>\n","protected":false},"author":69,"featured_media":0,"parent":0,"menu_order":0,"comment_status":"closed","ping_status":"closed","template":"","meta":{"footnotes":""},"class_list":["post-236","page","type-page","status-publish","hentry"],"_links":{"self":[{"href":"https:\/\/radioalma.eu\/porquenotecallas\/wp-json\/wp\/v2\/pages\/236","targetHints":{"allow":["GET"]}}],"collection":[{"href":"https:\/\/radioalma.eu\/porquenotecallas\/wp-json\/wp\/v2\/pages"}],"about":[{"href":"https:\/\/radioalma.eu\/porquenotecallas\/wp-json\/wp\/v2\/types\/page"}],"author":[{"embeddable":true,"href":"https:\/\/radioalma.eu\/porquenotecallas\/wp-json\/wp\/v2\/users\/69"}],"replies":[{"embeddable":true,"href":"https:\/\/radioalma.eu\/porquenotecallas\/wp-json\/wp\/v2\/comments?post=236"}],"version-history":[{"count":11,"href":"https:\/\/radioalma.eu\/porquenotecallas\/wp-json\/wp\/v2\/pages\/236\/revisions"}],"predecessor-version":[{"id":303,"href":"https:\/\/radioalma.eu\/porquenotecallas\/wp-json\/wp\/v2\/pages\/236\/revisions\/303"}],"wp:attachment":[{"href":"https:\/\/radioalma.eu\/porquenotecallas\/wp-json\/wp\/v2\/media?parent=236"}],"curies":[{"name":"wp","href":"https:\/\/api.w.org\/{rel}","templated":true}]}}