{"id":26,"date":"2024-12-28T21:01:56","date_gmt":"2024-12-28T20:01:56","guid":{"rendered":"https:\/\/radioalma.eu\/porquenotecallas\/?page_id=26"},"modified":"2026-01-27T17:48:19","modified_gmt":"2026-01-27T16:48:19","slug":"el-equipasso","status":"publish","type":"page","link":"https:\/\/radioalma.eu\/porquenotecallas\/el-equipasso\/","title":{"rendered":"EL EQUIPASSO"},"content":{"rendered":"\t\t<div data-elementor-type=\"wp-page\" data-elementor-id=\"26\" class=\"elementor elementor-26\">\n\t\t\t\t<div class=\"elementor-element elementor-element-7b36026 e-flex e-con-boxed e-con e-parent\" data-id=\"7b36026\" data-element_type=\"container\" data-e-type=\"container\">\n\t\t\t\t\t<div class=\"e-con-inner\">\n\t\t\t\t<div class=\"elementor-element elementor-element-fdd4fb1 elementor-widget elementor-widget-text-editor\" data-id=\"fdd4fb1\" data-element_type=\"widget\" data-e-type=\"widget\" data-widget_type=\"text-editor.default\">\n\t\t\t\t<div class=\"elementor-widget-container\">\n\t\t\t\t\t\t\t\t\t<h2 style=\"text-align: center\"><strong>NATALIA CUESTA Y JUAN CARLOS S\u00c1NCHEZ &#8211; Cofundadores<\/strong><\/h2><p><img decoding=\"async\" class=\" wp-image-70 alignleft\" src=\"http:\/\/radioalma.eu\/porquenotecallas\/files\/2025\/01\/Natalia-BN-225x300.jpg\" alt=\"\" width=\"105\" height=\"140\" \/>\u00a1Qui\u00e9n les iba a decir a estos dos, en octubre del 2012, cuando <img decoding=\"async\" class=\" wp-image-253 alignright\" src=\"http:\/\/radioalma.eu\/porquenotecallas\/files\/2025\/11\/JC-255x300.png\" alt=\"\" width=\"117\" height=\"138\" srcset=\"https:\/\/radioalma.eu\/porquenotecallas\/files\/2025\/11\/JC-255x300.png 255w, https:\/\/radioalma.eu\/porquenotecallas\/files\/2025\/11\/JC.png 323w\" sizes=\"(max-width: 117px) 100vw, 117px\" \/>hicieron sus primeros pinitos carg\u00e1ndose BRUSELAS CON \u00d1 con sus respectivas secciones, que 12 a\u00f1os despu\u00e9s iban a seguir aqu\u00ed, y con programa propio! <img decoding=\"async\" class=\"emoji\" role=\"img\" src=\"https:\/\/s.w.org\/images\/core\/emoji\/17.0.2\/svg\/1f631.svg\" alt=\"\ud83d\ude31\" \/><\/p><p>\u00a1Pues ah\u00ed siguen! A\u00f1os despu\u00e9s y con un equipo completamente renovado, optando al Ondas cada a\u00f1o, codo con codo con La Voz de Charo.<\/p><p>Con muchas m\u00e1s tablas y m\u00e1s viejunos, Natalia sigue siendo una estrella, y JC sigue estando estrellao, o sea que en realidad no ha cambiado tanto. Natalia, licenciada en\u2026 no s\u00e9, en todo, sigue alucinando al personal con sus referencias a los griegos y recordando cualquier fecha hist\u00f3rica que se le ponga por delante. Ahora eso s\u00ed, lo mismo te confunde a Stephen Hawkins con Stephen King, a Narc\u00eds Serra con Narciso Ib\u00e1\u00f1ez Serrador o a Juli\u00e1n Mu\u00f1oz con Miguel Boyer, o bien la l\u00eda entrevistando en la Feria Flamenca de Bruselas a un bailaor y llamando \u201cruido\u201d al taconeo <img decoding=\"async\" class=\"emoji\" role=\"img\" src=\"https:\/\/s.w.org\/images\/core\/emoji\/17.0.2\/svg\/1f937-200d-2640-fe0f.svg\" alt=\"\ud83e\udd37\u200d\u2640\ufe0f\" \/>. Si es que nadie es perfecto.<\/p><p>JC, por su parte, estos a\u00f1os se ha visto obligado a hacer de pulpo <img decoding=\"async\" class=\"emoji\" role=\"img\" src=\"https:\/\/s.w.org\/images\/core\/emoji\/17.0.2\/svg\/1f419.svg\" alt=\"\ud83d\udc19\" \/> y tocar un poco todos los palos: t\u00e9cnica, presentaci\u00f3n, edici\u00f3n, cosa que seguramente ya habr\u00e1n notado sus o\u00eddos ustedes en m\u00e1s de una ocasi\u00f3n <img decoding=\"async\" class=\"emoji\" role=\"img\" src=\"https:\/\/s.w.org\/images\/core\/emoji\/17.0.2\/svg\/1f649.svg\" alt=\"\ud83d\ude49\" \/>. \u2014\u201cEs que aqu\u00ed la pe\u00f1a trabaja menos que el sastre de Tarz\u00e1n\u201d \u2014ha declarado alguna vez\u2014.\u00a0 \u201cYo me met\u00ed a esto pa ligar, y hasta ahora he tocado de todo menos hembra <img decoding=\"async\" class=\"emoji\" role=\"img\" src=\"https:\/\/s.w.org\/images\/core\/emoji\/17.0.2\/svg\/1f928.svg\" alt=\"\ud83e\udd28\" \/>\u201d \u2014a\u00f1ade\u2014. \u201cAunque tambi\u00e9n te digo, si me traigo a la radio a una se\u00f1orita pa presumir y luego se me duerme en el estudio tampoco s\u00e9 yo\u2026 Y no lo digo por nadie\u2026 <img decoding=\"async\" class=\"emoji\" role=\"img\" src=\"https:\/\/s.w.org\/images\/core\/emoji\/17.0.2\/svg\/1f92d.svg\" alt=\"\ud83e\udd2d\" \/>\u201d \u2014concluye.<\/p>\t\t\t\t\t\t\t\t<\/div>\n\t\t\t\t<\/div>\n\t\t\t\t\t<\/div>\n\t\t\t\t<\/div>\n\t\t<div class=\"elementor-element elementor-element-a1f093c e-flex e-con-boxed e-con e-parent\" data-id=\"a1f093c\" data-element_type=\"container\" data-e-type=\"container\">\n\t\t\t\t\t<div class=\"e-con-inner\">\n\t\t\t\t<div class=\"elementor-element elementor-element-a321863 elementor-widget elementor-widget-text-editor\" data-id=\"a321863\" data-element_type=\"widget\" data-e-type=\"widget\" data-widget_type=\"text-editor.default\">\n\t\t\t\t<div class=\"elementor-widget-container\">\n\t\t\t\t\t\t\t\t\t<h2>ALICE BURANI &#8211; La ingenua explosiva<\/h2><p><img decoding=\"async\" class=\" wp-image-244 alignleft\" src=\"http:\/\/radioalma.eu\/porquenotecallas\/files\/2025\/11\/Alice-272x300.png\" alt=\"\" width=\"127\" height=\"140\" srcset=\"https:\/\/radioalma.eu\/porquenotecallas\/files\/2025\/11\/Alice-272x300.png 272w, https:\/\/radioalma.eu\/porquenotecallas\/files\/2025\/11\/Alice.png 316w\" sizes=\"(max-width: 127px) 100vw, 127px\" \/>Alice (l\u00e9ase Aliche, o Alishe) es una de las representantes de la horda de italianas que ha invadido la emisora en los \u00faltimos tiempos. En principio Alice no cumpl\u00eda los requisitos necesarios para participar en el programa; es decir, no acept\u00f3 el derecho de pernada del director, y encima no conoc\u00eda a Chiquito de la Calzada. Para colmo, ven\u00eda con un espa\u00f1ol macarr\u00f3nico contagiado por una amiga sure\u00f1a. Pero cuando vimos que la l\u00ednea telef\u00f3nica del programa echaba humo en cuanto dec\u00eda \u201cBuenas tardes\u201d, decidimos sacarla de la precariedad de su programa nocturno de consultas sexol\u00f3gicas, y contratarla para ayudarla a pagar su terapia por no haber nacido en familia rica. En PQNTC somos as\u00edn.<\/p><p>P.D.: A Alice la reconocen por la calle, sobre todo los hombres, y ella cree que es por PQNTC \ud83d\ude1d<\/p>\t\t\t\t\t\t\t\t<\/div>\n\t\t\t\t<\/div>\n\t\t\t\t\t<\/div>\n\t\t\t\t<\/div>\n\t\t<div class=\"elementor-element elementor-element-1621993 e-flex e-con-boxed e-con e-parent\" data-id=\"1621993\" data-element_type=\"container\" data-e-type=\"container\">\n\t\t\t\t\t<div class=\"e-con-inner\">\n\t\t\t\t<div class=\"elementor-element elementor-element-3a8a189 elementor-widget elementor-widget-text-editor\" data-id=\"3a8a189\" data-element_type=\"widget\" data-e-type=\"widget\" data-widget_type=\"text-editor.default\">\n\t\t\t\t<div class=\"elementor-widget-container\">\n\t\t\t\t\t\t\t\t\t<h2>\u00a0<strong>MARCOS GELIZO &#8211; La voz irreverente de la pausa<\/strong><\/h2><p><img loading=\"lazy\" decoding=\"async\" class=\" wp-image-252 alignleft\" src=\"http:\/\/radioalma.eu\/porquenotecallas\/files\/2025\/11\/Marcos-239x300.png\" alt=\"\" width=\"113\" height=\"142\" srcset=\"https:\/\/radioalma.eu\/porquenotecallas\/files\/2025\/11\/Marcos-239x300.png 239w, https:\/\/radioalma.eu\/porquenotecallas\/files\/2025\/11\/Marcos.png 245w\" sizes=\"(max-width: 113px) 100vw, 113px\" \/>Marcos hizo alg\u00fan que otro cameo en los primeros a\u00f1os, pero sus obligaciones profesionales nunca le han permitido formar parte del equipo permanente (\u00e9l dice que da clases, pero a nosotros nos parece demasiada casualidad que todos sus alumnos\/as vivan por la zona de la Gare du Nord). Tal era su frustraci\u00f3n que un d\u00eda se dijo \u201cal menos voy a grabar una peque\u00f1a cr\u00f3nica sobre el tema de la semana\u201d. \u00a1Mano de santo! Sus cr\u00f3nicas empezaron a recibir elogios y ahora el t\u00edo se nos ha subido a la parra. Hemos tenido que subirle el sueldo, cosa de la que no duda en presumir cada vez que tiene ocasi\u00f3n de pasarse por la emisora, present\u00e1ndose en una motaco que adem\u00e1s nos mete casi en el estudio para que la veamos bien. Sencillamente insoportable.<\/p>\t\t\t\t\t\t\t\t<\/div>\n\t\t\t\t<\/div>\n\t\t\t\t\t<\/div>\n\t\t\t\t<\/div>\n\t\t<div class=\"elementor-element elementor-element-fe90ec7 e-flex e-con-boxed e-con e-parent\" data-id=\"fe90ec7\" data-element_type=\"container\" data-e-type=\"container\">\n\t\t\t\t\t<div class=\"e-con-inner\">\n\t\t\t\t<div class=\"elementor-element elementor-element-34186f8 elementor-widget elementor-widget-text-editor\" data-id=\"34186f8\" data-element_type=\"widget\" data-e-type=\"widget\" data-widget_type=\"text-editor.default\">\n\t\t\t\t<div class=\"elementor-widget-container\">\n\t\t\t\t\t\t\t\t\t<h2>LUCIA VENTURA &#8211; \u00abYo soy como los chinos: espero en la orilla a que pase el cad\u00e1ver\u00bb<\/h2><p><img loading=\"lazy\" decoding=\"async\" class=\" wp-image-260 alignleft\" src=\"http:\/\/radioalma.eu\/porquenotecallas\/files\/2025\/11\/Lucia-236x300.png\" alt=\"\" width=\"110\" height=\"140\" srcset=\"https:\/\/radioalma.eu\/porquenotecallas\/files\/2025\/11\/Lucia-236x300.png 236w, https:\/\/radioalma.eu\/porquenotecallas\/files\/2025\/11\/Lucia.png 439w\" sizes=\"(max-width: 110px) 100vw, 110px\" \/>Con tan lapidaria frase, que nos solt\u00f3 en el programa sobre la venganza y se qued\u00f3 tan pancha, Lucia (l\u00e9ase Luch\u00eda) es otra de las italianas del equipo, pero con mejor espa\u00f1ol que muchos de nosotros. Lucia lleva ya varias temporadas formando parte del programa, de manera intermitente. Y es que la desgraci\u00e1 se pasa medio a\u00f1o viajando, por Chile o por las monta\u00f1as tirolesas, y por supuesto no se corta en mandarnos fotos en bikini en enero al borde de un lago, cuando nosotros estamos pasando m\u00e1s fr\u00edo que un canasto de gorriones en Burgos. La perdonamos porque siempre estuvo ah\u00ed cuando apenas ten\u00edamos oyentes (como si ahora tuvi\u00e9ramos), y adem\u00e1s es la \u00fanica que pone orden de vez en cuando y es el \u00fanico miembro maduro y serio del programa.<\/p>\t\t\t\t\t\t\t\t<\/div>\n\t\t\t\t<\/div>\n\t\t\t\t\t<\/div>\n\t\t\t\t<\/div>\n\t\t<div class=\"elementor-element elementor-element-ef08880 e-flex e-con-boxed e-con e-parent\" data-id=\"ef08880\" data-element_type=\"container\" data-e-type=\"container\">\n\t\t\t\t\t<div class=\"e-con-inner\">\n\t\t\t\t<div class=\"elementor-element elementor-element-129af69 elementor-widget elementor-widget-text-editor\" data-id=\"129af69\" data-element_type=\"widget\" data-e-type=\"widget\" data-widget_type=\"text-editor.default\">\n\t\t\t\t<div class=\"elementor-widget-container\">\n\t\t\t\t\t\t\t\t\t<h2>\u00a0<strong>MARISA SEVILLA \u2013 La hija de Buda<\/strong><\/h2><p><img loading=\"lazy\" decoding=\"async\" class=\" wp-image-314 alignleft\" src=\"http:\/\/radioalma.eu\/porquenotecallas\/files\/2025\/12\/Marisa-217x300.png\" alt=\"\" width=\"109\" height=\"151\" srcset=\"https:\/\/radioalma.eu\/porquenotecallas\/files\/2025\/12\/Marisa-217x300.png 217w, https:\/\/radioalma.eu\/porquenotecallas\/files\/2025\/12\/Marisa.png 441w\" sizes=\"(max-width: 109px) 100vw, 109px\" \/>Con esta perlita, llamando a los h\u00fangaros \u00abhijos de Buda\u00bb, obsequi\u00f3 Marisa a nuestro invitado el d\u00eda en que hablamos del pa\u00eds magiar. Marisa es intermitente, viene y va como el Guadiana, pero cuando viene lo hace con la escopeta carg\u00e1 y las mata callando. Ah\u00ed donde la ven, con esa cara de no haber nunca roto un plato, se ha cargao m\u00e1s de un micro con su risa, y tiene una voz sensual que sube la temperatura del estudio 10 grados en cuanto se presenta. Seg\u00fan las estad\u00edsticas del Estudio General de Medios que la emisora nos ofrece cada a\u00f1o, los d\u00edas en los que se juntan Alice y Marisa aumenta considerablemente la audiencia masculina. Lo dicho, que por unas razones o por otras, aqu\u00ed no hay quien ligue.<\/p>\t\t\t\t\t\t\t\t<\/div>\n\t\t\t\t<\/div>\n\t\t\t\t\t<\/div>\n\t\t\t\t<\/div>\n\t\t\t\t<\/div>\n\t\t","protected":false},"excerpt":{"rendered":"<p>NATALIA CUESTA Y JUAN CARLOS S\u00c1NCHEZ &#8211; Cofundadores \u00a1Qui\u00e9n les iba a decir a estos dos, en octubre del 2012, cuando hicieron sus primeros pinitos carg\u00e1ndose BRUSELAS CON \u00d1 con sus respectivas secciones, que 12 a\u00f1os despu\u00e9s iban a seguir aqu\u00ed, y con programa propio! \u00a1Pues ah\u00ed siguen! A\u00f1os despu\u00e9s y con un equipo completamente renovado, optando al Ondas cada a\u00f1o, codo con codo con La Voz de Charo. Con muchas m\u00e1s tablas y m\u00e1s viejunos, Natalia sigue siendo una estrella, y JC sigue estando estrellao, o sea que en realidad no ha cambiado tanto. Natalia, licenciada en\u2026 no s\u00e9, en todo, sigue alucinando al personal con sus referencias a los griegos y recordando cualquier fecha hist\u00f3rica que se le ponga por delante. Ahora eso s\u00ed, lo mismo te confunde a Stephen Hawkins con Stephen King, a Narc\u00eds Serra con Narciso Ib\u00e1\u00f1ez Serrador o a Juli\u00e1n Mu\u00f1oz con Miguel Boyer, o bien la l\u00eda entrevistando en la Feria Flamenca de Bruselas a un bailaor y llamando \u201cruido\u201d al taconeo . Si es que nadie es perfecto. JC, por su parte, estos a\u00f1os se ha visto obligado a hacer de pulpo y tocar un poco todos los palos: t\u00e9cnica, presentaci\u00f3n, edici\u00f3n, [&#8230;]<\/p>\n","protected":false},"author":69,"featured_media":0,"parent":0,"menu_order":0,"comment_status":"closed","ping_status":"closed","template":"","meta":{"footnotes":""},"class_list":["post-26","page","type-page","status-publish","hentry"],"_links":{"self":[{"href":"https:\/\/radioalma.eu\/porquenotecallas\/wp-json\/wp\/v2\/pages\/26","targetHints":{"allow":["GET"]}}],"collection":[{"href":"https:\/\/radioalma.eu\/porquenotecallas\/wp-json\/wp\/v2\/pages"}],"about":[{"href":"https:\/\/radioalma.eu\/porquenotecallas\/wp-json\/wp\/v2\/types\/page"}],"author":[{"embeddable":true,"href":"https:\/\/radioalma.eu\/porquenotecallas\/wp-json\/wp\/v2\/users\/69"}],"replies":[{"embeddable":true,"href":"https:\/\/radioalma.eu\/porquenotecallas\/wp-json\/wp\/v2\/comments?post=26"}],"version-history":[{"count":48,"href":"https:\/\/radioalma.eu\/porquenotecallas\/wp-json\/wp\/v2\/pages\/26\/revisions"}],"predecessor-version":[{"id":372,"href":"https:\/\/radioalma.eu\/porquenotecallas\/wp-json\/wp\/v2\/pages\/26\/revisions\/372"}],"wp:attachment":[{"href":"https:\/\/radioalma.eu\/porquenotecallas\/wp-json\/wp\/v2\/media?parent=26"}],"curies":[{"name":"wp","href":"https:\/\/api.w.org\/{rel}","templated":true}]}}