{"id":170,"date":"2018-03-06T16:44:44","date_gmt":"2018-03-06T15:44:44","guid":{"rendered":"http:\/\/radioalma.eu\/sabadito\/?page_id=170"},"modified":"2018-03-06T17:18:02","modified_gmt":"2018-03-06T16:18:02","slug":"170-2","status":"publish","type":"page","link":"https:\/\/radioalma.eu\/sabadito\/170-2\/","title":{"rendered":"Concurso de Dibujo"},"content":{"rendered":"<p>Este es el dibujo ganador del cuento La curandera, el Colibr\u00ed y el B\u00faho , un texto de Ana Mar\u00eda Pavez<\/p>\n<div id=\"attachment_182\" style=\"width: 618px\" class=\"wp-caption alignnone\"><img fetchpriority=\"high\" decoding=\"async\" aria-describedby=\"caption-attachment-182\" class=\" wp-image-182\" src=\"http:\/\/radioalma.eu\/sabadito\/files\/2018\/03\/Maya.-uento-255x300.jpg\" alt=\"\" width=\"618\" height=\"644\"><p id=\"caption-attachment-182\" class=\"wp-caption-text\">Seline Maya Li Hern\u00e1ndez 6 a\u00f1os.<br \/>Ganadora del concurso de dibujo de Sabadito Alegre en el mes de Febrero 2018<\/p><\/div>\n","protected":false},"excerpt":{"rendered":"<p>Este es el dibujo ganador del cuento La curandera, el Colibr\u00ed y el B\u00faho , un texto de Ana Mar\u00eda Pavez<\/p>\n","protected":false},"author":102,"featured_media":0,"parent":0,"menu_order":0,"comment_status":"closed","ping_status":"closed","template":"","meta":{"footnotes":""},"class_list":["post-170","page","type-page","status-publish","hentry","nodate","item-wrap"],"_links":{"self":[{"href":"https:\/\/radioalma.eu\/sabadito\/wp-json\/wp\/v2\/pages\/170","targetHints":{"allow":["GET"]}}],"collection":[{"href":"https:\/\/radioalma.eu\/sabadito\/wp-json\/wp\/v2\/pages"}],"about":[{"href":"https:\/\/radioalma.eu\/sabadito\/wp-json\/wp\/v2\/types\/page"}],"author":[{"embeddable":true,"href":"https:\/\/radioalma.eu\/sabadito\/wp-json\/wp\/v2\/users\/102"}],"replies":[{"embeddable":true,"href":"https:\/\/radioalma.eu\/sabadito\/wp-json\/wp\/v2\/comments?post=170"}],"version-history":[{"count":0,"href":"https:\/\/radioalma.eu\/sabadito\/wp-json\/wp\/v2\/pages\/170\/revisions"}],"wp:attachment":[{"href":"https:\/\/radioalma.eu\/sabadito\/wp-json\/wp\/v2\/media?parent=170"}],"curies":[{"name":"wp","href":"https:\/\/api.w.org\/{rel}","templated":true}]}}